{"id":1535,"date":"2025-03-18T16:21:54","date_gmt":"2025-03-18T15:21:54","guid":{"rendered":"https:\/\/home.agh.edu.pl\/~tml\/?page_id=1535"},"modified":"2025-03-18T16:46:21","modified_gmt":"2025-03-18T15:46:21","slug":"team-tech-2016-2-14","status":"publish","type":"page","link":"https:\/\/thermlab.agh.edu.pl\/?page_id=1535","title":{"rendered":"TEAM-TECH\/2016-2\/14"},"content":{"rendered":"\t\t<div data-elementor-type=\"wp-page\" data-elementor-id=\"1535\" class=\"elementor elementor-1535\">\n\t\t\t\t\t\t<section class=\"elementor-section elementor-top-section elementor-element elementor-element-0303b77 envato-kit-141-top-0 elementor-section-boxed elementor-section-height-default elementor-section-height-default\" data-id=\"0303b77\" data-element_type=\"section\" data-settings=\"{&quot;background_background&quot;:&quot;classic&quot;}\">\n\t\t\t\t\t\t\t<div class=\"elementor-background-overlay\"><\/div>\n\t\t\t\t\t\t\t<div class=\"elementor-container elementor-column-gap-wider\">\n\t\t\t\t\t<div class=\"elementor-column elementor-col-100 elementor-top-column elementor-element elementor-element-ee3a0a2\" data-id=\"ee3a0a2\" data-element_type=\"column\">\n\t\t\t<div class=\"elementor-widget-wrap elementor-element-populated\">\n\t\t\t\t\t\t<section class=\"elementor-section elementor-inner-section elementor-element elementor-element-475a4b5 envato-kit-141-top-0 elementor-section-boxed elementor-section-height-default elementor-section-height-default\" data-id=\"475a4b5\" data-element_type=\"section\">\n\t\t\t\t\t\t<div class=\"elementor-container elementor-column-gap-default\">\n\t\t\t\t\t<div class=\"elementor-column elementor-col-100 elementor-inner-column elementor-element elementor-element-f410ccb elementor-invisible\" data-id=\"f410ccb\" data-element_type=\"column\" data-settings=\"{&quot;background_background&quot;:&quot;classic&quot;,&quot;animation&quot;:&quot;fadeIn&quot;,&quot;animation_delay&quot;:200}\">\n\t\t\t<div class=\"elementor-widget-wrap elementor-element-populated\">\n\t\t\t\t<div class=\"elementor-element elementor-element-6ca503b e-flex e-con-boxed e-con e-parent\" data-id=\"6ca503b\" data-element_type=\"container\">\n\t\t\t\t\t<div class=\"e-con-inner\">\n\t\t<div class=\"elementor-element elementor-element-354c071 e-con-full e-grid e-con e-child\" data-id=\"354c071\" data-element_type=\"container\">\n\t\t\t\t<div class=\"elementor-element elementor-element-75005fe elementor-widget elementor-widget-image\" data-id=\"75005fe\" data-element_type=\"widget\" data-widget_type=\"image.default\">\n\t\t\t\t<div class=\"elementor-widget-container\">\n\t\t\t\t\t\t\t\t\t\t\t\t\t\t\t<img decoding=\"async\" src=\"https:\/\/thermlab.agh.edu.pl\/wp-content\/uploads\/elementor\/thumbs\/agh_znk_wbr_rgb_150ppi-qivv2wpitxz1h7g2ea1g1v1n8wsbspg17vwqmpn4d8.png\" title=\"agh_znk_wbr_rgb_150ppi\" alt=\"agh_znk_wbr_rgb_150ppi\" loading=\"lazy\" \/>\t\t\t\t\t\t\t\t\t\t\t\t\t\t\t<\/div>\n\t\t\t\t<\/div>\n\t\t\t\t<div class=\"elementor-element elementor-element-a6d1cd4 elementor-widget elementor-widget-image\" data-id=\"a6d1cd4\" data-element_type=\"widget\" data-widget_type=\"image.default\">\n\t\t\t\t<div class=\"elementor-widget-container\">\n\t\t\t\t\t\t\t\t\t\t\t\t\t\t\t<img fetchpriority=\"high\" decoding=\"async\" width=\"552\" height=\"141\" src=\"https:\/\/thermlab.agh.edu.pl\/wp-content\/uploads\/2025\/03\/Lukasiewicz.png\" class=\"attachment-large size-large wp-image-1542\" alt=\"\" srcset=\"https:\/\/thermlab.agh.edu.pl\/wp-content\/uploads\/2025\/03\/Lukasiewicz.png 552w, https:\/\/thermlab.agh.edu.pl\/wp-content\/uploads\/2025\/03\/Lukasiewicz-300x77.png 300w\" sizes=\"(max-width: 552px) 100vw, 552px\" \/>\t\t\t\t\t\t\t\t\t\t\t\t\t\t\t<\/div>\n\t\t\t\t<\/div>\n\t\t\t\t<div class=\"elementor-element elementor-element-a02aa1b elementor-widget elementor-widget-image\" data-id=\"a02aa1b\" data-element_type=\"widget\" data-widget_type=\"image.default\">\n\t\t\t\t<div class=\"elementor-widget-container\">\n\t\t\t\t\t\t\t\t\t\t\t\t\t\t\t<img decoding=\"async\" src=\"https:\/\/thermlab.agh.edu.pl\/wp-content\/uploads\/elementor\/thumbs\/project_TEAM-TECH-1-e1742311066500-r31p8rdayy5d84zlu662nitwtklnz9xcg108o9a3bw.png\" title=\"project_TEAM-TECH\" alt=\"project_TEAM-TECH\" loading=\"lazy\" \/>\t\t\t\t\t\t\t\t\t\t\t\t\t\t\t<\/div>\n\t\t\t\t<\/div>\n\t\t\t\t<\/div>\n\t\t<div class=\"elementor-element elementor-element-cafff6a e-con-full e-flex e-con e-child\" data-id=\"cafff6a\" data-element_type=\"container\">\n\t\t\t\t<div class=\"elementor-element elementor-element-4e5df1d elementor-widget elementor-widget-heading\" data-id=\"4e5df1d\" data-element_type=\"widget\" data-widget_type=\"heading.default\">\n\t\t\t\t<div class=\"elementor-widget-container\">\n\t\t\t\t\t<h3 class=\"elementor-heading-title elementor-size-default\">Nowy kierunek w opracowywaniu efektywnych materia\u0142\u00f3w do bezpo\u015bredniej konwersji ciep\u0142a na energi\u0119 elektryczn\u0105\n<\/h3>\t\t\t\t<\/div>\n\t\t\t\t<\/div>\n\t\t\t\t<\/div>\n\t\t<div class=\"elementor-element elementor-element-698d9a5 e-con-full e-flex e-con e-child\" data-id=\"698d9a5\" data-element_type=\"container\">\n\t\t<div class=\"elementor-element elementor-element-b4874a8 e-con-full e-flex e-con e-child\" data-id=\"b4874a8\" data-element_type=\"container\">\n\t\t\t\t<div class=\"elementor-element elementor-element-001a4db elementor-widget elementor-widget-heading\" data-id=\"001a4db\" data-element_type=\"widget\" data-widget_type=\"heading.default\">\n\t\t\t\t<div class=\"elementor-widget-container\">\n\t\t\t\t\t<h3 class=\"elementor-heading-title elementor-size-default\">Nr. Umowy: TEAM-TECH\/2016-2\/14\u00a0\n<\/h3>\t\t\t\t<\/div>\n\t\t\t\t<\/div>\n\t\t\t\t<\/div>\n\t\t\t\t<\/div>\n\t\t\t\t\t<\/div>\n\t\t\t\t<\/div>\n\t\t<div class=\"elementor-element elementor-element-efed10b e-flex e-con-boxed e-con e-parent\" data-id=\"efed10b\" data-element_type=\"container\">\n\t\t\t\t\t<div class=\"e-con-inner\">\n\t\t\t\t<div class=\"elementor-element elementor-element-147e05f elementor-widget__width-initial elementor-widget elementor-widget-text-editor\" data-id=\"147e05f\" data-element_type=\"widget\" data-widget_type=\"text-editor.default\">\n\t\t\t\t<div class=\"elementor-widget-container\">\n\t\t\t\t\t\t\t\t\t<p>Kierownik projektu: <b>prof. dr hab. in\u017c. Krzysztof T. Wojciechowski<\/b><\/p>\t\t\t\t\t\t\t\t<\/div>\n\t\t\t\t<\/div>\n\t\t\t\t\t<\/div>\n\t\t\t\t<\/div>\n\t\t<div class=\"elementor-element elementor-element-3777699 e-flex e-con-boxed e-con e-parent\" data-id=\"3777699\" data-element_type=\"container\">\n\t\t\t\t\t<div class=\"e-con-inner\">\n\t\t\t\t<div class=\"elementor-element elementor-element-a9f1c71 elementor-widget__width-initial elementor-widget elementor-widget-text-editor\" data-id=\"a9f1c71\" data-element_type=\"widget\" data-widget_type=\"text-editor.default\">\n\t\t\t\t<div class=\"elementor-widget-container\">\n\t\t\t\t\t\t\t\t\t<p>Celem programu TEAM-TECH jest rozw\u00f3j kadr sektora B+R w projektach zespo\u0142owych\u00a0 prowadzonych przez uczonych (niezale\u017cnie od narodowo\u015bci) posiadaj\u0105cych wybitne\u00a0 do\u015bwiadczenie we wdra\u017caniu wynik\u00f3w prac badawczych do praktyki gospodarczej, b\u0105d\u017a w\u00a0 realizowaniu us\u0142ug badawczych czy obs\u0142udze urz\u0105dze\u0144 badawczych na rzecz odbiorc\u00f3w\u00a0 biznesowych.\u00a0\u00a0<\/p>\t\t\t\t\t\t\t\t<\/div>\n\t\t\t\t<\/div>\n\t\t\t\t\t<\/div>\n\t\t\t\t<\/div>\n\t\t<div class=\"elementor-element elementor-element-390a5ba e-flex e-con-boxed e-con e-parent\" data-id=\"390a5ba\" data-element_type=\"container\">\n\t\t\t\t\t<div class=\"e-con-inner\">\n\t\t\t\t<div class=\"elementor-element elementor-element-b2c9050 elementor-widget__width-initial elementor-widget elementor-widget-text-editor\" data-id=\"b2c9050\" data-element_type=\"widget\" data-widget_type=\"text-editor.default\">\n\t\t\t\t<div class=\"elementor-widget-container\">\n\t\t\t\t\t\t\t\t\t<p><b>Beneficjenci:<\/b><\/p><ul><li><b>\u0141ukasiewicz \u2013 Krakowski Instytut Technologiczny (IZTW),<\/b> stycze\u0144 2018 \u2013 czerwiec 2021<\/li><li><b>Akademia G\u00f3rniczo-Hutnicza im. Stanis\u0142awa Staszica w Krakowie, <\/b>lipiec 2021 \u2013 wrzesie\u0144 2022<\/li><\/ul>\t\t\t\t\t\t\t\t<\/div>\n\t\t\t\t<\/div>\n\t\t\t\t\t<\/div>\n\t\t\t\t<\/div>\n\t\t<div class=\"elementor-element elementor-element-cd67688 e-flex e-con-boxed e-con e-parent\" data-id=\"cd67688\" data-element_type=\"container\">\n\t\t\t\t\t<div class=\"e-con-inner\">\n\t\t\t\t<div class=\"elementor-element elementor-element-1dc532c elementor-widget__width-initial elementor-widget elementor-widget-text-editor\" data-id=\"1dc532c\" data-element_type=\"widget\" data-widget_type=\"text-editor.default\">\n\t\t\t\t<div class=\"elementor-widget-container\">\n\t\t\t\t\t\t\t\t\t<p><b>Dofinansowanie projektu z UE:<\/b>\u00a03 794 142,33\u00a0z\u0142<\/p>\t\t\t\t\t\t\t\t<\/div>\n\t\t\t\t<\/div>\n\t\t\t\t\t<\/div>\n\t\t\t\t<\/div>\n\t\t<div class=\"elementor-element elementor-element-12033c9 e-flex e-con-boxed e-con e-parent\" data-id=\"12033c9\" data-element_type=\"container\">\n\t\t\t\t\t<div class=\"e-con-inner\">\n\t\t<div class=\"elementor-element elementor-element-0914872 e-con-full e-flex e-con e-child\" data-id=\"0914872\" data-element_type=\"container\">\n\t\t\t\t<div class=\"elementor-element elementor-element-79e2aa2 elementor-widget__width-initial elementor-widget elementor-widget-text-editor\" data-id=\"79e2aa2\" data-element_type=\"widget\" data-widget_type=\"text-editor.default\">\n\t\t\t\t<div class=\"elementor-widget-container\">\n\t\t\t\t\t\t\t\t\t<p><b>www.mapadotacji.gov.pl<\/b><\/p>\t\t\t\t\t\t\t\t<\/div>\n\t\t\t\t<\/div>\n\t\t\t\t<\/div>\n\t\t\t\t\t<\/div>\n\t\t\t\t<\/div>\n\t\t<div class=\"elementor-element elementor-element-4c0cd2d e-flex e-con-boxed e-con e-parent\" data-id=\"4c0cd2d\" data-element_type=\"container\">\n\t\t\t\t\t<div class=\"e-con-inner\">\n\t\t\t\t<div class=\"elementor-element elementor-element-909a6c6 elementor-widget elementor-widget-image\" data-id=\"909a6c6\" data-element_type=\"widget\" data-widget_type=\"image.default\">\n\t\t\t\t<div class=\"elementor-widget-container\">\n\t\t\t\t\t\t\t\t\t\t\t\t\t\t\t<img decoding=\"async\" width=\"1024\" height=\"152\" src=\"https:\/\/thermlab.agh.edu.pl\/wp-content\/uploads\/2025\/03\/project_TEAM-TECH-e1742310253437-1024x152.png\" class=\"attachment-large size-large wp-image-1541\" alt=\"\" srcset=\"https:\/\/thermlab.agh.edu.pl\/wp-content\/uploads\/2025\/03\/project_TEAM-TECH-e1742310253437-1024x152.png 1024w, https:\/\/thermlab.agh.edu.pl\/wp-content\/uploads\/2025\/03\/project_TEAM-TECH-e1742310253437-300x45.png 300w, https:\/\/thermlab.agh.edu.pl\/wp-content\/uploads\/2025\/03\/project_TEAM-TECH-e1742310253437-768x114.png 768w, https:\/\/thermlab.agh.edu.pl\/wp-content\/uploads\/2025\/03\/project_TEAM-TECH-e1742310253437-1536x228.png 1536w, https:\/\/thermlab.agh.edu.pl\/wp-content\/uploads\/2025\/03\/project_TEAM-TECH-e1742310253437.png 1786w\" sizes=\"(max-width: 1024px) 100vw, 1024px\" \/>\t\t\t\t\t\t\t\t\t\t\t\t\t\t\t<\/div>\n\t\t\t\t<\/div>\n\t\t<div class=\"elementor-element elementor-element-919815b e-con-full e-flex e-con e-child\" data-id=\"919815b\" data-element_type=\"container\">\n\t\t\t\t<div class=\"elementor-element elementor-element-d818fae elementor-widget elementor-widget-text-editor\" data-id=\"d818fae\" data-element_type=\"widget\" data-widget_type=\"text-editor.default\">\n\t\t\t\t<div class=\"elementor-widget-container\">\n\t\t\t\t\t\t\t\t\t<p><b>Projekt finansowany przez Fundacj\u0119 na rzecz Nauki Polskiej w ramach programu <br>TEAM-TECH POIR.04.04.00-00-20EB\/16-00 <\/b><\/p>\t\t\t\t\t\t\t\t<\/div>\n\t\t\t\t<\/div>\n\t\t\t\t<\/div>\n\t\t\t\t\t<\/div>\n\t\t\t\t<\/div>\n\t\t\t\t\t<\/div>\n\t\t<\/div>\n\t\t\t\t\t<\/div>\n\t\t<\/section>\n\t\t\t\t\t<\/div>\n\t\t<\/div>\n\t\t\t\t\t<\/div>\n\t\t<\/section>\n\t\t\t\t<\/div>\n\t\t","protected":false},"excerpt":{"rendered":"<p>Nowy kierunek w opracowywaniu efektywnych materia\u0142\u00f3w do bezpo\u015bredniej konwersji ciep\u0142a na energi\u0119 elektryczn\u0105 Nr. Umowy: TEAM-TECH\/2016-2\/14\u00a0 Kierownik projektu: prof. dr hab. in\u017c. Krzysztof T. Wojciechowski Celem programu TEAM-TECH jest rozw\u00f3j kadr sektora B+R w projektach zespo\u0142owych\u00a0 prowadzonych przez uczonych (niezale\u017cnie od narodowo\u015bci) posiadaj\u0105cych wybitne\u00a0 do\u015bwiadczenie we wdra\u017caniu wynik\u00f3w prac badawczych do praktyki gospodarczej, b\u0105d\u017a w\u00a0 [&hellip;]<\/p>\n","protected":false},"author":4,"featured_media":0,"parent":0,"menu_order":0,"comment_status":"closed","ping_status":"closed","template":"","meta":{"inline_featured_image":false,"footnotes":""},"class_list":["post-1535","page","type-page","status-publish","hentry"],"_links":{"self":[{"href":"https:\/\/thermlab.agh.edu.pl\/index.php?rest_route=\/wp\/v2\/pages\/1535","targetHints":{"allow":["GET"]}}],"collection":[{"href":"https:\/\/thermlab.agh.edu.pl\/index.php?rest_route=\/wp\/v2\/pages"}],"about":[{"href":"https:\/\/thermlab.agh.edu.pl\/index.php?rest_route=\/wp\/v2\/types\/page"}],"author":[{"embeddable":true,"href":"https:\/\/thermlab.agh.edu.pl\/index.php?rest_route=\/wp\/v2\/users\/4"}],"replies":[{"embeddable":true,"href":"https:\/\/thermlab.agh.edu.pl\/index.php?rest_route=%2Fwp%2Fv2%2Fcomments&post=1535"}],"version-history":[{"count":19,"href":"https:\/\/thermlab.agh.edu.pl\/index.php?rest_route=\/wp\/v2\/pages\/1535\/revisions"}],"predecessor-version":[{"id":1573,"href":"https:\/\/thermlab.agh.edu.pl\/index.php?rest_route=\/wp\/v2\/pages\/1535\/revisions\/1573"}],"wp:attachment":[{"href":"https:\/\/thermlab.agh.edu.pl\/index.php?rest_route=%2Fwp%2Fv2%2Fmedia&parent=1535"}],"curies":[{"name":"wp","href":"https:\/\/api.w.org\/{rel}","templated":true}]}}